{"id":7788,"date":"2024-01-10T14:37:39","date_gmt":"2024-01-10T13:37:39","guid":{"rendered":"https:\/\/wospee.com\/faq\/"},"modified":"2026-01-12T10:29:21","modified_gmt":"2026-01-12T09:29:21","slug":"faq","status":"publish","type":"page","link":"https:\/\/wospee.com\/pt-pt\/faq\/","title":{"rendered":"FAQ"},"content":{"rendered":"","protected":false},"excerpt":{"rendered":"","protected":false},"author":2,"featured_media":7306,"parent":0,"menu_order":0,"comment_status":"closed","ping_status":"closed","template":"template-faq.php","meta":{"_acf_changed":false,"footnotes":""},"class_list":["post-7788","page","type-page","status-publish","has-post-thumbnail","hentry"],"acf":[],"yoast_head":"<!-- This site is optimized with the Yoast SEO plugin v27.3 - https:\/\/yoast.com\/product\/yoast-seo-wordpress\/ -->\n<title>Consulta as FAQ da Wospee<\/title>\n<meta name=\"description\" content=\"Consulta as FAQ da Wospee que as empresas dirigem aos nossos profissionais na \u00e1rea da gest\u00e3o e administra\u00e7\u00e3o de recursos humanos.\" \/>\n<meta name=\"robots\" content=\"index, follow, max-snippet:-1, max-image-preview:large, max-video-preview:-1\" \/>\n<link rel=\"canonical\" href=\"https:\/\/wospee.com\/pt-pt\/faq\/\" \/>\n<meta property=\"og:locale\" content=\"pt_PT\" \/>\n<meta property=\"og:type\" content=\"article\" \/>\n<meta property=\"og:title\" content=\"Consulta as FAQ da Wospee\" \/>\n<meta property=\"og:description\" content=\"Consulta as FAQ da Wospee que as empresas dirigem aos nossos profissionais na \u00e1rea da gest\u00e3o e administra\u00e7\u00e3o de recursos humanos.\" \/>\n<meta property=\"og:url\" content=\"https:\/\/wospee.com\/pt-pt\/faq\/\" \/>\n<meta property=\"og:site_name\" content=\"Wospee\" \/>\n<meta property=\"article:publisher\" content=\"https:\/\/www.facebook.com\/wospee\" \/>\n<meta property=\"article:modified_time\" content=\"2026-01-12T09:29:21+00:00\" \/>\n<meta property=\"og:image\" content=\"https:\/\/wospee.com\/wp-content\/uploads\/2024\/01\/prova-image-3.jpg\" \/>\n\t<meta property=\"og:image:width\" content=\"1920\" \/>\n\t<meta property=\"og:image:height\" content=\"1281\" \/>\n\t<meta property=\"og:image:type\" content=\"image\/jpeg\" \/>\n<meta name=\"twitter:card\" content=\"summary_large_image\" \/>\n<meta name=\"twitter:label1\" content=\"Tempo estimado de leitura\" \/>\n\t<meta name=\"twitter:data1\" content=\"1 minuto\" \/>\n<script type=\"application\/ld+json\" class=\"yoast-schema-graph\">{\"@context\":\"https:\\\/\\\/schema.org\",\"@graph\":[{\"@type\":\"WebPage\",\"@id\":\"https:\\\/\\\/wospee.com\\\/pt-pt\\\/faq\\\/\",\"url\":\"https:\\\/\\\/wospee.com\\\/pt-pt\\\/faq\\\/\",\"name\":\"Consulta as FAQ da Wospee\",\"isPartOf\":{\"@id\":\"https:\\\/\\\/wospee.com\\\/pt-pt\\\/#website\"},\"primaryImageOfPage\":{\"@id\":\"https:\\\/\\\/wospee.com\\\/pt-pt\\\/faq\\\/#primaryimage\"},\"image\":{\"@id\":\"https:\\\/\\\/wospee.com\\\/pt-pt\\\/faq\\\/#primaryimage\"},\"thumbnailUrl\":\"https:\\\/\\\/wospee.com\\\/wp-content\\\/uploads\\\/2024\\\/01\\\/prova-image-3.jpg\",\"datePublished\":\"2024-01-10T13:37:39+00:00\",\"dateModified\":\"2026-01-12T09:29:21+00:00\",\"description\":\"Consulta as FAQ da Wospee que as empresas dirigem aos nossos profissionais na \u00e1rea da gest\u00e3o e administra\u00e7\u00e3o de recursos humanos.\",\"inLanguage\":\"pt-PT\",\"potentialAction\":[{\"@type\":\"ReadAction\",\"target\":[\"https:\\\/\\\/wospee.com\\\/pt-pt\\\/faq\\\/\"]}]},{\"@type\":\"ImageObject\",\"inLanguage\":\"pt-PT\",\"@id\":\"https:\\\/\\\/wospee.com\\\/pt-pt\\\/faq\\\/#primaryimage\",\"url\":\"https:\\\/\\\/wospee.com\\\/wp-content\\\/uploads\\\/2024\\\/01\\\/prova-image-3.jpg\",\"contentUrl\":\"https:\\\/\\\/wospee.com\\\/wp-content\\\/uploads\\\/2024\\\/01\\\/prova-image-3.jpg\",\"width\":1920,\"height\":1281},{\"@type\":\"WebSite\",\"@id\":\"https:\\\/\\\/wospee.com\\\/pt-pt\\\/#website\",\"url\":\"https:\\\/\\\/wospee.com\\\/pt-pt\\\/\",\"name\":\"Wospee\",\"description\":\"\",\"publisher\":{\"@id\":\"https:\\\/\\\/wospee.com\\\/pt-pt\\\/#organization\"},\"potentialAction\":[{\"@type\":\"SearchAction\",\"target\":{\"@type\":\"EntryPoint\",\"urlTemplate\":\"https:\\\/\\\/wospee.com\\\/pt-pt\\\/?s={search_term_string}\"},\"query-input\":{\"@type\":\"PropertyValueSpecification\",\"valueRequired\":true,\"valueName\":\"search_term_string\"}}],\"inLanguage\":\"pt-PT\"},{\"@type\":\"Organization\",\"@id\":\"https:\\\/\\\/wospee.com\\\/pt-pt\\\/#organization\",\"name\":\"Wospee\",\"url\":\"https:\\\/\\\/wospee.com\\\/pt-pt\\\/\",\"logo\":{\"@type\":\"ImageObject\",\"inLanguage\":\"pt-PT\",\"@id\":\"https:\\\/\\\/wospee.com\\\/pt-pt\\\/#\\\/schema\\\/logo\\\/image\\\/\",\"url\":\"https:\\\/\\\/wospee.com\\\/wp-content\\\/uploads\\\/2024\\\/02\\\/Wospee-logo-1.png\",\"contentUrl\":\"https:\\\/\\\/wospee.com\\\/wp-content\\\/uploads\\\/2024\\\/02\\\/Wospee-logo-1.png\",\"width\":200,\"height\":82,\"caption\":\"Wospee\"},\"image\":{\"@id\":\"https:\\\/\\\/wospee.com\\\/pt-pt\\\/#\\\/schema\\\/logo\\\/image\\\/\"},\"sameAs\":[\"https:\\\/\\\/www.facebook.com\\\/wospee\",\"https:\\\/\\\/www.linkedin.com\\\/company\\\/wospee\\\/\"]}]}<\/script>\n<!-- \/ Yoast SEO plugin. -->","yoast_head_json":{"title":"Consulta as FAQ da Wospee","description":"Consulta as FAQ da Wospee que as empresas dirigem aos nossos profissionais na \u00e1rea da gest\u00e3o e administra\u00e7\u00e3o de recursos humanos.","robots":{"index":"index","follow":"follow","max-snippet":"max-snippet:-1","max-image-preview":"max-image-preview:large","max-video-preview":"max-video-preview:-1"},"canonical":"https:\/\/wospee.com\/pt-pt\/faq\/","og_locale":"pt_PT","og_type":"article","og_title":"Consulta as FAQ da Wospee","og_description":"Consulta as FAQ da Wospee que as empresas dirigem aos nossos profissionais na \u00e1rea da gest\u00e3o e administra\u00e7\u00e3o de recursos humanos.","og_url":"https:\/\/wospee.com\/pt-pt\/faq\/","og_site_name":"Wospee","article_publisher":"https:\/\/www.facebook.com\/wospee","article_modified_time":"2026-01-12T09:29:21+00:00","og_image":[{"width":1920,"height":1281,"url":"https:\/\/wospee.com\/wp-content\/uploads\/2024\/01\/prova-image-3.jpg","type":"image\/jpeg"}],"twitter_card":"summary_large_image","twitter_misc":{"Tempo estimado de leitura":"1 minuto"},"schema":{"@context":"https:\/\/schema.org","@graph":[{"@type":"WebPage","@id":"https:\/\/wospee.com\/pt-pt\/faq\/","url":"https:\/\/wospee.com\/pt-pt\/faq\/","name":"Consulta as FAQ da Wospee","isPartOf":{"@id":"https:\/\/wospee.com\/pt-pt\/#website"},"primaryImageOfPage":{"@id":"https:\/\/wospee.com\/pt-pt\/faq\/#primaryimage"},"image":{"@id":"https:\/\/wospee.com\/pt-pt\/faq\/#primaryimage"},"thumbnailUrl":"https:\/\/wospee.com\/wp-content\/uploads\/2024\/01\/prova-image-3.jpg","datePublished":"2024-01-10T13:37:39+00:00","dateModified":"2026-01-12T09:29:21+00:00","description":"Consulta as FAQ da Wospee que as empresas dirigem aos nossos profissionais na \u00e1rea da gest\u00e3o e administra\u00e7\u00e3o de recursos humanos.","inLanguage":"pt-PT","potentialAction":[{"@type":"ReadAction","target":["https:\/\/wospee.com\/pt-pt\/faq\/"]}]},{"@type":"ImageObject","inLanguage":"pt-PT","@id":"https:\/\/wospee.com\/pt-pt\/faq\/#primaryimage","url":"https:\/\/wospee.com\/wp-content\/uploads\/2024\/01\/prova-image-3.jpg","contentUrl":"https:\/\/wospee.com\/wp-content\/uploads\/2024\/01\/prova-image-3.jpg","width":1920,"height":1281},{"@type":"WebSite","@id":"https:\/\/wospee.com\/pt-pt\/#website","url":"https:\/\/wospee.com\/pt-pt\/","name":"Wospee","description":"","publisher":{"@id":"https:\/\/wospee.com\/pt-pt\/#organization"},"potentialAction":[{"@type":"SearchAction","target":{"@type":"EntryPoint","urlTemplate":"https:\/\/wospee.com\/pt-pt\/?s={search_term_string}"},"query-input":{"@type":"PropertyValueSpecification","valueRequired":true,"valueName":"search_term_string"}}],"inLanguage":"pt-PT"},{"@type":"Organization","@id":"https:\/\/wospee.com\/pt-pt\/#organization","name":"Wospee","url":"https:\/\/wospee.com\/pt-pt\/","logo":{"@type":"ImageObject","inLanguage":"pt-PT","@id":"https:\/\/wospee.com\/pt-pt\/#\/schema\/logo\/image\/","url":"https:\/\/wospee.com\/wp-content\/uploads\/2024\/02\/Wospee-logo-1.png","contentUrl":"https:\/\/wospee.com\/wp-content\/uploads\/2024\/02\/Wospee-logo-1.png","width":200,"height":82,"caption":"Wospee"},"image":{"@id":"https:\/\/wospee.com\/pt-pt\/#\/schema\/logo\/image\/"},"sameAs":["https:\/\/www.facebook.com\/wospee","https:\/\/www.linkedin.com\/company\/wospee\/"]}]}},"_links":{"self":[{"href":"https:\/\/wospee.com\/pt-pt\/wp-json\/wp\/v2\/pages\/7788","targetHints":{"allow":["GET"]}}],"collection":[{"href":"https:\/\/wospee.com\/pt-pt\/wp-json\/wp\/v2\/pages"}],"about":[{"href":"https:\/\/wospee.com\/pt-pt\/wp-json\/wp\/v2\/types\/page"}],"author":[{"embeddable":true,"href":"https:\/\/wospee.com\/pt-pt\/wp-json\/wp\/v2\/users\/2"}],"replies":[{"embeddable":true,"href":"https:\/\/wospee.com\/pt-pt\/wp-json\/wp\/v2\/comments?post=7788"}],"version-history":[{"count":3,"href":"https:\/\/wospee.com\/pt-pt\/wp-json\/wp\/v2\/pages\/7788\/revisions"}],"predecessor-version":[{"id":7792,"href":"https:\/\/wospee.com\/pt-pt\/wp-json\/wp\/v2\/pages\/7788\/revisions\/7792"}],"wp:featuredmedia":[{"embeddable":true,"href":"https:\/\/wospee.com\/pt-pt\/wp-json\/wp\/v2\/media\/7306"}],"wp:attachment":[{"href":"https:\/\/wospee.com\/pt-pt\/wp-json\/wp\/v2\/media?parent=7788"}],"curies":[{"name":"wp","href":"https:\/\/api.w.org\/{rel}","templated":true}]}}