{"id":7497,"date":"2024-07-08T15:38:00","date_gmt":"2024-07-08T13:38:00","guid":{"rendered":"https:\/\/wospee.com\/codice-etico\/"},"modified":"2026-01-16T11:22:53","modified_gmt":"2026-01-16T10:22:53","slug":"codigo-etico","status":"publish","type":"page","link":"https:\/\/wospee.com\/pt-pt\/codigo-etico\/","title":{"rendered":"C\u00f3digo \u00c9tico"},"content":{"rendered":"\n<h2 class=\"wp-block-heading\"><strong>Porque um C\u00f3digo \u00c9tico?<\/strong><\/h2>\n\n\n\n<p>A Wospee decidiu dotar-se deste C\u00f3digo \u00c9tico para fornecer uma orienta\u00e7\u00e3o de valores t\u00e3o clara quanto poss\u00edvel e para estabelecer diretrizes un\u00edvocas que permitam reconhecer os princ\u00edpios fundamentais que orientam o comportamento de todas as Pessoas que constituem a organiza\u00e7\u00e3o das empresas do grupo Wospee.<\/p>\n\n\n\n<p>O respeito e a prote\u00e7\u00e3o dos Direitos Humanos, a transpar\u00eancia, a promo\u00e7\u00e3o do desenvolvimento profissional e pessoal, a sustentabilidade e o bem-estar, bem como a excel\u00eancia operacional, s\u00e3o os valores fundamentais que definem quem somos e aquilo em que acreditamos. Estes princ\u00edpios orientam as nossas a\u00e7\u00f5es, caracterizam o nosso compromisso e direcionam os comportamentos tanto nossos como dos que interagem connosco<\/p>\n\n\n\n<div class=\"wp-block-buttons is-content-justification-center is-layout-flex wp-container-core-buttons-is-layout-16018d1d wp-block-buttons-is-layout-flex\">\n<div class=\"wp-block-button\"><a class=\"wp-block-button__link has-text-align-center wp-element-button\" href=\"https:\/\/wospee.com\/wp-content\/uploads\/2026\/01\/PORT_Codigo-Etico-dezembro-2025.pdf\"><strong>Ler mais<\/strong><\/a><\/div>\n<\/div>\n","protected":false},"excerpt":{"rendered":"<p>Porque um C\u00f3digo \u00c9tico? A Wospee decidiu dotar-se deste C\u00f3digo \u00c9tico para fornecer uma orienta\u00e7\u00e3o de valores t\u00e3o clara quanto poss\u00edvel e para estabelecer diretrizes un\u00edvocas que permitam reconhecer os princ\u00edpios fundamentais que orientam o comportamento de todas as Pessoas que constituem a organiza\u00e7\u00e3o das empresas do grupo Wospee. O respeito e a prote\u00e7\u00e3o dos [&hellip;]<\/p>\n","protected":false},"author":5,"featured_media":0,"parent":0,"menu_order":0,"comment_status":"closed","ping_status":"closed","template":"template-text.php","meta":{"_acf_changed":false,"footnotes":""},"class_list":["post-7497","page","type-page","status-publish","hentry"],"acf":[],"yoast_head":"<!-- This site is optimized with the Yoast SEO plugin v27.3 - https:\/\/yoast.com\/product\/yoast-seo-wordpress\/ -->\n<title>C\u00f3digo \u00c9tico<\/title>\n<meta name=\"robots\" content=\"index, follow, max-snippet:-1, max-image-preview:large, max-video-preview:-1\" \/>\n<link rel=\"canonical\" href=\"https:\/\/wospee.com\/pt-pt\/codigo-etico\/\" \/>\n<meta property=\"og:locale\" content=\"pt_PT\" \/>\n<meta property=\"og:type\" content=\"article\" \/>\n<meta property=\"og:title\" content=\"C\u00f3digo \u00c9tico\" \/>\n<meta property=\"og:description\" content=\"Porque um C\u00f3digo \u00c9tico? A Wospee decidiu dotar-se deste C\u00f3digo \u00c9tico para fornecer uma orienta\u00e7\u00e3o de valores t\u00e3o clara quanto poss\u00edvel e para estabelecer diretrizes un\u00edvocas que permitam reconhecer os princ\u00edpios fundamentais que orientam o comportamento de todas as Pessoas que constituem a organiza\u00e7\u00e3o das empresas do grupo Wospee. O respeito e a prote\u00e7\u00e3o dos [&hellip;]\" \/>\n<meta property=\"og:url\" content=\"https:\/\/wospee.com\/pt-pt\/codigo-etico\/\" \/>\n<meta property=\"og:site_name\" content=\"Wospee\" \/>\n<meta property=\"article:publisher\" content=\"https:\/\/www.facebook.com\/wospee\" \/>\n<meta property=\"article:modified_time\" content=\"2026-01-16T10:22:53+00:00\" \/>\n<meta name=\"twitter:card\" content=\"summary_large_image\" \/>\n<meta name=\"twitter:label1\" content=\"Tempo estimado de leitura\" \/>\n\t<meta name=\"twitter:data1\" content=\"1 minuto\" \/>\n<script type=\"application\/ld+json\" class=\"yoast-schema-graph\">{\"@context\":\"https:\\\/\\\/schema.org\",\"@graph\":[{\"@type\":\"WebPage\",\"@id\":\"https:\\\/\\\/wospee.com\\\/pt-pt\\\/codigo-etico\\\/\",\"url\":\"https:\\\/\\\/wospee.com\\\/pt-pt\\\/codigo-etico\\\/\",\"name\":\"C\u00f3digo \u00c9tico\",\"isPartOf\":{\"@id\":\"https:\\\/\\\/wospee.com\\\/pt-pt\\\/#website\"},\"datePublished\":\"2024-07-08T13:38:00+00:00\",\"dateModified\":\"2026-01-16T10:22:53+00:00\",\"inLanguage\":\"pt-PT\",\"potentialAction\":[{\"@type\":\"ReadAction\",\"target\":[\"https:\\\/\\\/wospee.com\\\/pt-pt\\\/codigo-etico\\\/\"]}]},{\"@type\":\"WebSite\",\"@id\":\"https:\\\/\\\/wospee.com\\\/pt-pt\\\/#website\",\"url\":\"https:\\\/\\\/wospee.com\\\/pt-pt\\\/\",\"name\":\"Wospee\",\"description\":\"\",\"publisher\":{\"@id\":\"https:\\\/\\\/wospee.com\\\/pt-pt\\\/#organization\"},\"potentialAction\":[{\"@type\":\"SearchAction\",\"target\":{\"@type\":\"EntryPoint\",\"urlTemplate\":\"https:\\\/\\\/wospee.com\\\/pt-pt\\\/?s={search_term_string}\"},\"query-input\":{\"@type\":\"PropertyValueSpecification\",\"valueRequired\":true,\"valueName\":\"search_term_string\"}}],\"inLanguage\":\"pt-PT\"},{\"@type\":\"Organization\",\"@id\":\"https:\\\/\\\/wospee.com\\\/pt-pt\\\/#organization\",\"name\":\"Wospee\",\"url\":\"https:\\\/\\\/wospee.com\\\/pt-pt\\\/\",\"logo\":{\"@type\":\"ImageObject\",\"inLanguage\":\"pt-PT\",\"@id\":\"https:\\\/\\\/wospee.com\\\/pt-pt\\\/#\\\/schema\\\/logo\\\/image\\\/\",\"url\":\"https:\\\/\\\/wospee.com\\\/wp-content\\\/uploads\\\/2024\\\/02\\\/Wospee-logo-1.png\",\"contentUrl\":\"https:\\\/\\\/wospee.com\\\/wp-content\\\/uploads\\\/2024\\\/02\\\/Wospee-logo-1.png\",\"width\":200,\"height\":82,\"caption\":\"Wospee\"},\"image\":{\"@id\":\"https:\\\/\\\/wospee.com\\\/pt-pt\\\/#\\\/schema\\\/logo\\\/image\\\/\"},\"sameAs\":[\"https:\\\/\\\/www.facebook.com\\\/wospee\",\"https:\\\/\\\/www.linkedin.com\\\/company\\\/wospee\\\/\"]}]}<\/script>\n<!-- \/ Yoast SEO plugin. -->","yoast_head_json":{"title":"C\u00f3digo \u00c9tico","robots":{"index":"index","follow":"follow","max-snippet":"max-snippet:-1","max-image-preview":"max-image-preview:large","max-video-preview":"max-video-preview:-1"},"canonical":"https:\/\/wospee.com\/pt-pt\/codigo-etico\/","og_locale":"pt_PT","og_type":"article","og_title":"C\u00f3digo \u00c9tico","og_description":"Porque um C\u00f3digo \u00c9tico? A Wospee decidiu dotar-se deste C\u00f3digo \u00c9tico para fornecer uma orienta\u00e7\u00e3o de valores t\u00e3o clara quanto poss\u00edvel e para estabelecer diretrizes un\u00edvocas que permitam reconhecer os princ\u00edpios fundamentais que orientam o comportamento de todas as Pessoas que constituem a organiza\u00e7\u00e3o das empresas do grupo Wospee. O respeito e a prote\u00e7\u00e3o dos [&hellip;]","og_url":"https:\/\/wospee.com\/pt-pt\/codigo-etico\/","og_site_name":"Wospee","article_publisher":"https:\/\/www.facebook.com\/wospee","article_modified_time":"2026-01-16T10:22:53+00:00","twitter_card":"summary_large_image","twitter_misc":{"Tempo estimado de leitura":"1 minuto"},"schema":{"@context":"https:\/\/schema.org","@graph":[{"@type":"WebPage","@id":"https:\/\/wospee.com\/pt-pt\/codigo-etico\/","url":"https:\/\/wospee.com\/pt-pt\/codigo-etico\/","name":"C\u00f3digo \u00c9tico","isPartOf":{"@id":"https:\/\/wospee.com\/pt-pt\/#website"},"datePublished":"2024-07-08T13:38:00+00:00","dateModified":"2026-01-16T10:22:53+00:00","inLanguage":"pt-PT","potentialAction":[{"@type":"ReadAction","target":["https:\/\/wospee.com\/pt-pt\/codigo-etico\/"]}]},{"@type":"WebSite","@id":"https:\/\/wospee.com\/pt-pt\/#website","url":"https:\/\/wospee.com\/pt-pt\/","name":"Wospee","description":"","publisher":{"@id":"https:\/\/wospee.com\/pt-pt\/#organization"},"potentialAction":[{"@type":"SearchAction","target":{"@type":"EntryPoint","urlTemplate":"https:\/\/wospee.com\/pt-pt\/?s={search_term_string}"},"query-input":{"@type":"PropertyValueSpecification","valueRequired":true,"valueName":"search_term_string"}}],"inLanguage":"pt-PT"},{"@type":"Organization","@id":"https:\/\/wospee.com\/pt-pt\/#organization","name":"Wospee","url":"https:\/\/wospee.com\/pt-pt\/","logo":{"@type":"ImageObject","inLanguage":"pt-PT","@id":"https:\/\/wospee.com\/pt-pt\/#\/schema\/logo\/image\/","url":"https:\/\/wospee.com\/wp-content\/uploads\/2024\/02\/Wospee-logo-1.png","contentUrl":"https:\/\/wospee.com\/wp-content\/uploads\/2024\/02\/Wospee-logo-1.png","width":200,"height":82,"caption":"Wospee"},"image":{"@id":"https:\/\/wospee.com\/pt-pt\/#\/schema\/logo\/image\/"},"sameAs":["https:\/\/www.facebook.com\/wospee","https:\/\/www.linkedin.com\/company\/wospee\/"]}]}},"_links":{"self":[{"href":"https:\/\/wospee.com\/pt-pt\/wp-json\/wp\/v2\/pages\/7497","targetHints":{"allow":["GET"]}}],"collection":[{"href":"https:\/\/wospee.com\/pt-pt\/wp-json\/wp\/v2\/pages"}],"about":[{"href":"https:\/\/wospee.com\/pt-pt\/wp-json\/wp\/v2\/types\/page"}],"author":[{"embeddable":true,"href":"https:\/\/wospee.com\/pt-pt\/wp-json\/wp\/v2\/users\/5"}],"replies":[{"embeddable":true,"href":"https:\/\/wospee.com\/pt-pt\/wp-json\/wp\/v2\/comments?post=7497"}],"version-history":[{"count":2,"href":"https:\/\/wospee.com\/pt-pt\/wp-json\/wp\/v2\/pages\/7497\/revisions"}],"predecessor-version":[{"id":7838,"href":"https:\/\/wospee.com\/pt-pt\/wp-json\/wp\/v2\/pages\/7497\/revisions\/7838"}],"wp:attachment":[{"href":"https:\/\/wospee.com\/pt-pt\/wp-json\/wp\/v2\/media?parent=7497"}],"curies":[{"name":"wp","href":"https:\/\/api.w.org\/{rel}","templated":true}]}}