{"id":7389,"date":"2024-01-10T11:11:26","date_gmt":"2024-01-10T10:11:26","guid":{"rendered":"https:\/\/wospee.com\/amministrazione-del-personale\/"},"modified":"2026-01-09T16:41:48","modified_gmt":"2026-01-09T15:41:48","slug":"administracao-de-pessoal","status":"publish","type":"page","link":"https:\/\/wospee.com\/pt-pt\/servicos\/administracao-de-pessoal\/","title":{"rendered":"Administra\u00e7\u00e3o de Pessoal"},"content":{"rendered":"","protected":false},"excerpt":{"rendered":"","protected":false},"author":2,"featured_media":0,"parent":7765,"menu_order":0,"comment_status":"closed","ping_status":"closed","template":"template-servizi.php","meta":{"_acf_changed":false,"footnotes":""},"class_list":["post-7389","page","type-page","status-publish","hentry"],"acf":[],"yoast_head":"<!-- This site is optimized with the Yoast SEO plugin v27.3 - https:\/\/yoast.com\/product\/yoast-seo-wordpress\/ -->\n<title>Administra\u00e7\u00e3o de Pessoal para cada empresa | Wospee<\/title>\n<meta name=\"description\" content=\"O servi\u00e7o de Administra\u00e7\u00e3o de Pessoal adapta-se a cada empresa. Confie nos nossos consultores para encontrar a solu\u00e7\u00e3o certa para si.\" \/>\n<meta name=\"robots\" content=\"index, follow, max-snippet:-1, max-image-preview:large, max-video-preview:-1\" \/>\n<link rel=\"canonical\" href=\"https:\/\/wospee.com\/pt-pt\/servicos\/administracao-de-pessoal\/\" \/>\n<meta property=\"og:locale\" content=\"pt_PT\" \/>\n<meta property=\"og:type\" content=\"article\" \/>\n<meta property=\"og:title\" content=\"Administra\u00e7\u00e3o de Pessoal para cada empresa | Wospee\" \/>\n<meta property=\"og:description\" content=\"O servi\u00e7o de Administra\u00e7\u00e3o de Pessoal adapta-se a cada empresa. Confie nos nossos consultores para encontrar a solu\u00e7\u00e3o certa para si.\" \/>\n<meta property=\"og:url\" content=\"https:\/\/wospee.com\/pt-pt\/servicos\/administracao-de-pessoal\/\" \/>\n<meta property=\"og:site_name\" content=\"Wospee\" \/>\n<meta property=\"article:publisher\" content=\"https:\/\/www.facebook.com\/wospee\" \/>\n<meta property=\"article:modified_time\" content=\"2026-01-09T15:41:48+00:00\" \/>\n<meta name=\"twitter:card\" content=\"summary_large_image\" \/>\n<script type=\"application\/ld+json\" class=\"yoast-schema-graph\">{\"@context\":\"https:\\\/\\\/schema.org\",\"@graph\":[{\"@type\":\"WebPage\",\"@id\":\"https:\\\/\\\/wospee.com\\\/pt-pt\\\/servicos\\\/administracao-de-pessoal\\\/\",\"url\":\"https:\\\/\\\/wospee.com\\\/pt-pt\\\/servicos\\\/administracao-de-pessoal\\\/\",\"name\":\"Administra\u00e7\u00e3o de Pessoal para cada empresa | Wospee\",\"isPartOf\":{\"@id\":\"https:\\\/\\\/wospee.com\\\/pt-pt\\\/#website\"},\"datePublished\":\"2024-01-10T10:11:26+00:00\",\"dateModified\":\"2026-01-09T15:41:48+00:00\",\"description\":\"O servi\u00e7o de Administra\u00e7\u00e3o de Pessoal adapta-se a cada empresa. Confie nos nossos consultores para encontrar a solu\u00e7\u00e3o certa para si.\",\"inLanguage\":\"pt-PT\",\"potentialAction\":[{\"@type\":\"ReadAction\",\"target\":[\"https:\\\/\\\/wospee.com\\\/pt-pt\\\/servicos\\\/administracao-de-pessoal\\\/\"]}]},{\"@type\":\"WebSite\",\"@id\":\"https:\\\/\\\/wospee.com\\\/pt-pt\\\/#website\",\"url\":\"https:\\\/\\\/wospee.com\\\/pt-pt\\\/\",\"name\":\"Wospee\",\"description\":\"\",\"publisher\":{\"@id\":\"https:\\\/\\\/wospee.com\\\/pt-pt\\\/#organization\"},\"potentialAction\":[{\"@type\":\"SearchAction\",\"target\":{\"@type\":\"EntryPoint\",\"urlTemplate\":\"https:\\\/\\\/wospee.com\\\/pt-pt\\\/?s={search_term_string}\"},\"query-input\":{\"@type\":\"PropertyValueSpecification\",\"valueRequired\":true,\"valueName\":\"search_term_string\"}}],\"inLanguage\":\"pt-PT\"},{\"@type\":\"Organization\",\"@id\":\"https:\\\/\\\/wospee.com\\\/pt-pt\\\/#organization\",\"name\":\"Wospee\",\"url\":\"https:\\\/\\\/wospee.com\\\/pt-pt\\\/\",\"logo\":{\"@type\":\"ImageObject\",\"inLanguage\":\"pt-PT\",\"@id\":\"https:\\\/\\\/wospee.com\\\/pt-pt\\\/#\\\/schema\\\/logo\\\/image\\\/\",\"url\":\"https:\\\/\\\/wospee.com\\\/wp-content\\\/uploads\\\/2024\\\/02\\\/Wospee-logo-1.png\",\"contentUrl\":\"https:\\\/\\\/wospee.com\\\/wp-content\\\/uploads\\\/2024\\\/02\\\/Wospee-logo-1.png\",\"width\":200,\"height\":82,\"caption\":\"Wospee\"},\"image\":{\"@id\":\"https:\\\/\\\/wospee.com\\\/pt-pt\\\/#\\\/schema\\\/logo\\\/image\\\/\"},\"sameAs\":[\"https:\\\/\\\/www.facebook.com\\\/wospee\",\"https:\\\/\\\/www.linkedin.com\\\/company\\\/wospee\\\/\"]}]}<\/script>\n<!-- \/ Yoast SEO plugin. -->","yoast_head_json":{"title":"Administra\u00e7\u00e3o de Pessoal para cada empresa | Wospee","description":"O servi\u00e7o de Administra\u00e7\u00e3o de Pessoal adapta-se a cada empresa. Confie nos nossos consultores para encontrar a solu\u00e7\u00e3o certa para si.","robots":{"index":"index","follow":"follow","max-snippet":"max-snippet:-1","max-image-preview":"max-image-preview:large","max-video-preview":"max-video-preview:-1"},"canonical":"https:\/\/wospee.com\/pt-pt\/servicos\/administracao-de-pessoal\/","og_locale":"pt_PT","og_type":"article","og_title":"Administra\u00e7\u00e3o de Pessoal para cada empresa | Wospee","og_description":"O servi\u00e7o de Administra\u00e7\u00e3o de Pessoal adapta-se a cada empresa. Confie nos nossos consultores para encontrar a solu\u00e7\u00e3o certa para si.","og_url":"https:\/\/wospee.com\/pt-pt\/servicos\/administracao-de-pessoal\/","og_site_name":"Wospee","article_publisher":"https:\/\/www.facebook.com\/wospee","article_modified_time":"2026-01-09T15:41:48+00:00","twitter_card":"summary_large_image","schema":{"@context":"https:\/\/schema.org","@graph":[{"@type":"WebPage","@id":"https:\/\/wospee.com\/pt-pt\/servicos\/administracao-de-pessoal\/","url":"https:\/\/wospee.com\/pt-pt\/servicos\/administracao-de-pessoal\/","name":"Administra\u00e7\u00e3o de Pessoal para cada empresa | Wospee","isPartOf":{"@id":"https:\/\/wospee.com\/pt-pt\/#website"},"datePublished":"2024-01-10T10:11:26+00:00","dateModified":"2026-01-09T15:41:48+00:00","description":"O servi\u00e7o de Administra\u00e7\u00e3o de Pessoal adapta-se a cada empresa. Confie nos nossos consultores para encontrar a solu\u00e7\u00e3o certa para si.","inLanguage":"pt-PT","potentialAction":[{"@type":"ReadAction","target":["https:\/\/wospee.com\/pt-pt\/servicos\/administracao-de-pessoal\/"]}]},{"@type":"WebSite","@id":"https:\/\/wospee.com\/pt-pt\/#website","url":"https:\/\/wospee.com\/pt-pt\/","name":"Wospee","description":"","publisher":{"@id":"https:\/\/wospee.com\/pt-pt\/#organization"},"potentialAction":[{"@type":"SearchAction","target":{"@type":"EntryPoint","urlTemplate":"https:\/\/wospee.com\/pt-pt\/?s={search_term_string}"},"query-input":{"@type":"PropertyValueSpecification","valueRequired":true,"valueName":"search_term_string"}}],"inLanguage":"pt-PT"},{"@type":"Organization","@id":"https:\/\/wospee.com\/pt-pt\/#organization","name":"Wospee","url":"https:\/\/wospee.com\/pt-pt\/","logo":{"@type":"ImageObject","inLanguage":"pt-PT","@id":"https:\/\/wospee.com\/pt-pt\/#\/schema\/logo\/image\/","url":"https:\/\/wospee.com\/wp-content\/uploads\/2024\/02\/Wospee-logo-1.png","contentUrl":"https:\/\/wospee.com\/wp-content\/uploads\/2024\/02\/Wospee-logo-1.png","width":200,"height":82,"caption":"Wospee"},"image":{"@id":"https:\/\/wospee.com\/pt-pt\/#\/schema\/logo\/image\/"},"sameAs":["https:\/\/www.facebook.com\/wospee","https:\/\/www.linkedin.com\/company\/wospee\/"]}]}},"_links":{"self":[{"href":"https:\/\/wospee.com\/pt-pt\/wp-json\/wp\/v2\/pages\/7389","targetHints":{"allow":["GET"]}}],"collection":[{"href":"https:\/\/wospee.com\/pt-pt\/wp-json\/wp\/v2\/pages"}],"about":[{"href":"https:\/\/wospee.com\/pt-pt\/wp-json\/wp\/v2\/types\/page"}],"author":[{"embeddable":true,"href":"https:\/\/wospee.com\/pt-pt\/wp-json\/wp\/v2\/users\/2"}],"replies":[{"embeddable":true,"href":"https:\/\/wospee.com\/pt-pt\/wp-json\/wp\/v2\/comments?post=7389"}],"version-history":[{"count":2,"href":"https:\/\/wospee.com\/pt-pt\/wp-json\/wp\/v2\/pages\/7389\/revisions"}],"predecessor-version":[{"id":7715,"href":"https:\/\/wospee.com\/pt-pt\/wp-json\/wp\/v2\/pages\/7389\/revisions\/7715"}],"up":[{"embeddable":true,"href":"https:\/\/wospee.com\/pt-pt\/wp-json\/wp\/v2\/pages\/7765"}],"wp:attachment":[{"href":"https:\/\/wospee.com\/pt-pt\/wp-json\/wp\/v2\/media?parent=7389"}],"curies":[{"name":"wp","href":"https:\/\/api.w.org\/{rel}","templated":true}]}}