{"id":6991,"date":"2024-07-08T15:38:00","date_gmt":"2024-07-08T13:38:00","guid":{"rendered":"https:\/\/wospee.com\/codice-etico\/"},"modified":"2026-01-16T11:20:50","modified_gmt":"2026-01-16T10:20:50","slug":"codigo-etico","status":"publish","type":"page","link":"https:\/\/wospee.com\/es\/codigo-etico\/","title":{"rendered":"C\u00f3digo \u00c9tico"},"content":{"rendered":"\n<h2 class=\"wp-block-heading\"><strong>\u00bfPor qu\u00e9 un C\u00f3digo \u00c9tico?<\/strong><\/h2>\n\n\n\n<p>En Wospee hemos decidido incorporar este C\u00f3digo \u00c9tico para ofrecer una orientaci\u00f3n basada en valores lo m\u00e1s clara posible y establecer unas directrices comunes que nos ayuden a reconocer los principios fundamentales que gu\u00edan el comportamiento de todas las personas que formamos parte de las empresas del Grupo Wospee.<\/p>\n\n\n\n<p>El respeto y la protecci\u00f3n de los derechos humanos, la transparencia, la promoci\u00f3n del desarrollo profesional y personal, la sostenibilidad y el bienestar, y la excelencia operativa son los valores fundamentales que definen qui\u00e9nes somos y en qu\u00e9 creemos. Estos principios gu\u00edan nuestras acciones, reflejan nuestro compromiso y orientan tanto nuestra conducta como la de quienes interact\u00faan con nosotros.<\/p>\n\n\n\n<div class=\"wp-block-buttons is-content-justification-center is-layout-flex wp-container-core-buttons-is-layout-16018d1d wp-block-buttons-is-layout-flex\">\n<div class=\"wp-block-button\"><a class=\"wp-block-button__link has-text-align-center wp-element-button\" href=\"https:\/\/wospee.com\/wp-content\/uploads\/2026\/01\/ESP_Codigo-Etico-diciembre-2025-1.pdf\"><strong>Leer todo<\/strong><\/a><\/div>\n<\/div>\n\n\n\n<p><\/p>\n","protected":false},"excerpt":{"rendered":"<p>\u00bfPor qu\u00e9 un C\u00f3digo \u00c9tico? En Wospee hemos decidido incorporar este C\u00f3digo \u00c9tico para ofrecer una orientaci\u00f3n basada en valores lo m\u00e1s clara posible y establecer unas directrices comunes que nos ayuden a reconocer los principios fundamentales que gu\u00edan el comportamiento de todas las personas que formamos parte de las empresas del Grupo Wospee. El [&hellip;]<\/p>\n","protected":false},"author":5,"featured_media":0,"parent":0,"menu_order":0,"comment_status":"closed","ping_status":"closed","template":"template-text.php","meta":{"_acf_changed":false,"footnotes":""},"class_list":["post-6991","page","type-page","status-publish","hentry"],"acf":[],"yoast_head":"<!-- This site is optimized with the Yoast SEO plugin v27.3 - https:\/\/yoast.com\/product\/yoast-seo-wordpress\/ -->\n<title>C\u00f3digo \u00c9tico - Wospee<\/title>\n<meta name=\"robots\" content=\"index, follow, max-snippet:-1, max-image-preview:large, max-video-preview:-1\" \/>\n<link rel=\"canonical\" href=\"https:\/\/wospee.com\/es\/codigo-etico\/\" \/>\n<meta property=\"og:locale\" content=\"es_ES\" \/>\n<meta property=\"og:type\" content=\"article\" \/>\n<meta property=\"og:title\" content=\"C\u00f3digo \u00c9tico - Wospee\" \/>\n<meta property=\"og:description\" content=\"\u00bfPor qu\u00e9 un C\u00f3digo \u00c9tico? En Wospee hemos decidido incorporar este C\u00f3digo \u00c9tico para ofrecer una orientaci\u00f3n basada en valores lo m\u00e1s clara posible y establecer unas directrices comunes que nos ayuden a reconocer los principios fundamentales que gu\u00edan el comportamiento de todas las personas que formamos parte de las empresas del Grupo Wospee. El [&hellip;]\" \/>\n<meta property=\"og:url\" content=\"https:\/\/wospee.com\/es\/codigo-etico\/\" \/>\n<meta property=\"og:site_name\" content=\"Wospee\" \/>\n<meta property=\"article:publisher\" content=\"https:\/\/www.facebook.com\/wospee\" \/>\n<meta property=\"article:modified_time\" content=\"2026-01-16T10:20:50+00:00\" \/>\n<meta name=\"twitter:card\" content=\"summary_large_image\" \/>\n<meta name=\"twitter:label1\" content=\"Tiempo de lectura\" \/>\n\t<meta name=\"twitter:data1\" content=\"1 minuto\" \/>\n<script type=\"application\/ld+json\" class=\"yoast-schema-graph\">{\"@context\":\"https:\\\/\\\/schema.org\",\"@graph\":[{\"@type\":\"WebPage\",\"@id\":\"https:\\\/\\\/wospee.com\\\/es\\\/codigo-etico\\\/\",\"url\":\"https:\\\/\\\/wospee.com\\\/es\\\/codigo-etico\\\/\",\"name\":\"C\u00f3digo \u00c9tico - Wospee\",\"isPartOf\":{\"@id\":\"https:\\\/\\\/wospee.com\\\/es\\\/#website\"},\"datePublished\":\"2024-07-08T13:38:00+00:00\",\"dateModified\":\"2026-01-16T10:20:50+00:00\",\"inLanguage\":\"es\",\"potentialAction\":[{\"@type\":\"ReadAction\",\"target\":[\"https:\\\/\\\/wospee.com\\\/es\\\/codigo-etico\\\/\"]}]},{\"@type\":\"WebSite\",\"@id\":\"https:\\\/\\\/wospee.com\\\/es\\\/#website\",\"url\":\"https:\\\/\\\/wospee.com\\\/es\\\/\",\"name\":\"Wospee\",\"description\":\"\",\"publisher\":{\"@id\":\"https:\\\/\\\/wospee.com\\\/es\\\/#organization\"},\"potentialAction\":[{\"@type\":\"SearchAction\",\"target\":{\"@type\":\"EntryPoint\",\"urlTemplate\":\"https:\\\/\\\/wospee.com\\\/es\\\/?s={search_term_string}\"},\"query-input\":{\"@type\":\"PropertyValueSpecification\",\"valueRequired\":true,\"valueName\":\"search_term_string\"}}],\"inLanguage\":\"es\"},{\"@type\":\"Organization\",\"@id\":\"https:\\\/\\\/wospee.com\\\/es\\\/#organization\",\"name\":\"Wospee\",\"url\":\"https:\\\/\\\/wospee.com\\\/es\\\/\",\"logo\":{\"@type\":\"ImageObject\",\"inLanguage\":\"es\",\"@id\":\"https:\\\/\\\/wospee.com\\\/es\\\/#\\\/schema\\\/logo\\\/image\\\/\",\"url\":\"https:\\\/\\\/wospee.com\\\/wp-content\\\/uploads\\\/2024\\\/02\\\/Wospee-logo-1.png\",\"contentUrl\":\"https:\\\/\\\/wospee.com\\\/wp-content\\\/uploads\\\/2024\\\/02\\\/Wospee-logo-1.png\",\"width\":200,\"height\":82,\"caption\":\"Wospee\"},\"image\":{\"@id\":\"https:\\\/\\\/wospee.com\\\/es\\\/#\\\/schema\\\/logo\\\/image\\\/\"},\"sameAs\":[\"https:\\\/\\\/www.facebook.com\\\/wospee\",\"https:\\\/\\\/www.linkedin.com\\\/company\\\/wospee\\\/\"]}]}<\/script>\n<!-- \/ Yoast SEO plugin. -->","yoast_head_json":{"title":"C\u00f3digo \u00c9tico - Wospee","robots":{"index":"index","follow":"follow","max-snippet":"max-snippet:-1","max-image-preview":"max-image-preview:large","max-video-preview":"max-video-preview:-1"},"canonical":"https:\/\/wospee.com\/es\/codigo-etico\/","og_locale":"es_ES","og_type":"article","og_title":"C\u00f3digo \u00c9tico - Wospee","og_description":"\u00bfPor qu\u00e9 un C\u00f3digo \u00c9tico? En Wospee hemos decidido incorporar este C\u00f3digo \u00c9tico para ofrecer una orientaci\u00f3n basada en valores lo m\u00e1s clara posible y establecer unas directrices comunes que nos ayuden a reconocer los principios fundamentales que gu\u00edan el comportamiento de todas las personas que formamos parte de las empresas del Grupo Wospee. El [&hellip;]","og_url":"https:\/\/wospee.com\/es\/codigo-etico\/","og_site_name":"Wospee","article_publisher":"https:\/\/www.facebook.com\/wospee","article_modified_time":"2026-01-16T10:20:50+00:00","twitter_card":"summary_large_image","twitter_misc":{"Tiempo de lectura":"1 minuto"},"schema":{"@context":"https:\/\/schema.org","@graph":[{"@type":"WebPage","@id":"https:\/\/wospee.com\/es\/codigo-etico\/","url":"https:\/\/wospee.com\/es\/codigo-etico\/","name":"C\u00f3digo \u00c9tico - Wospee","isPartOf":{"@id":"https:\/\/wospee.com\/es\/#website"},"datePublished":"2024-07-08T13:38:00+00:00","dateModified":"2026-01-16T10:20:50+00:00","inLanguage":"es","potentialAction":[{"@type":"ReadAction","target":["https:\/\/wospee.com\/es\/codigo-etico\/"]}]},{"@type":"WebSite","@id":"https:\/\/wospee.com\/es\/#website","url":"https:\/\/wospee.com\/es\/","name":"Wospee","description":"","publisher":{"@id":"https:\/\/wospee.com\/es\/#organization"},"potentialAction":[{"@type":"SearchAction","target":{"@type":"EntryPoint","urlTemplate":"https:\/\/wospee.com\/es\/?s={search_term_string}"},"query-input":{"@type":"PropertyValueSpecification","valueRequired":true,"valueName":"search_term_string"}}],"inLanguage":"es"},{"@type":"Organization","@id":"https:\/\/wospee.com\/es\/#organization","name":"Wospee","url":"https:\/\/wospee.com\/es\/","logo":{"@type":"ImageObject","inLanguage":"es","@id":"https:\/\/wospee.com\/es\/#\/schema\/logo\/image\/","url":"https:\/\/wospee.com\/wp-content\/uploads\/2024\/02\/Wospee-logo-1.png","contentUrl":"https:\/\/wospee.com\/wp-content\/uploads\/2024\/02\/Wospee-logo-1.png","width":200,"height":82,"caption":"Wospee"},"image":{"@id":"https:\/\/wospee.com\/es\/#\/schema\/logo\/image\/"},"sameAs":["https:\/\/www.facebook.com\/wospee","https:\/\/www.linkedin.com\/company\/wospee\/"]}]}},"_links":{"self":[{"href":"https:\/\/wospee.com\/es\/wp-json\/wp\/v2\/pages\/6991","targetHints":{"allow":["GET"]}}],"collection":[{"href":"https:\/\/wospee.com\/es\/wp-json\/wp\/v2\/pages"}],"about":[{"href":"https:\/\/wospee.com\/es\/wp-json\/wp\/v2\/types\/page"}],"author":[{"embeddable":true,"href":"https:\/\/wospee.com\/es\/wp-json\/wp\/v2\/users\/5"}],"replies":[{"embeddable":true,"href":"https:\/\/wospee.com\/es\/wp-json\/wp\/v2\/comments?post=6991"}],"version-history":[{"count":4,"href":"https:\/\/wospee.com\/es\/wp-json\/wp\/v2\/pages\/6991\/revisions"}],"predecessor-version":[{"id":7836,"href":"https:\/\/wospee.com\/es\/wp-json\/wp\/v2\/pages\/6991\/revisions\/7836"}],"wp:attachment":[{"href":"https:\/\/wospee.com\/es\/wp-json\/wp\/v2\/media?parent=6991"}],"curies":[{"name":"wp","href":"https:\/\/api.w.org\/{rel}","templated":true}]}}